{"id":56,"date":"2022-04-19T14:33:02","date_gmt":"2022-04-19T14:33:02","guid":{"rendered":"https:\/\/bergwolf.bdp-bawue.de\/?page_id=56"},"modified":"2024-11-18T14:37:44","modified_gmt":"2024-11-18T14:37:44","slug":"ueber-uns","status":"publish","type":"page","link":"https:\/\/bergwolf.bdp-bawue.de\/en\/ueber-uns","title":{"rendered":"the tribe"},"content":{"rendered":"<p class=\"has-medium-font-size\">Hello, we are the MOUNTAIN WOLVES<\/p>\n\n\n\n<p class=\"has-medium-font-size\">Der Stamm Bergwolf wurde 1951 in Sillenbuch gegr\u00fcndet. In unserem Pfadfindergarten am Rand des Silberwaldes treffen wir uns derzeit immer Samstagsnachmittags. Gemeinsam wird getobt, gebastelt, gespielt, gesungen\u2026. Meistens sind wir jedoch im Wald unterwegs, dann oft auch abseits der Wege auf Pfaden, die wir selber finden. Im Wald gibt es immer etwas zu entdecken oder zu tun. Oft gehen wir aber auch auf mehrt\u00e4gige Fahrten, Wanderungen mit \u00dcbernachtungen, die wir Hajk nennen und nehmen an Aktionen, z.B. einem Nachhaltigkeitstag, teil. Unsere Aktivit\u00e4ten sind oft Gemeinschaftsaktionen mit Pfadfindergruppen anderer Stadtteile, z.B. den St\u00e4mmen Feuerreitern (BdP) aus Botnang und Ulrich von Hutten (DPB Hohenstaufen) aus Degerloch. Das gr\u00f6\u00dfte Vorhaben in diesem Jahr ist die Teilnahme an dem Bundeslager in Bayern. Dort werden \u00fcber 4000 Pfadfinderinnen und Pfadfinder aus ganz Deutschland erwartet<\/p>\n\n\n\n<p class=\"has-medium-font-size\">Both active groups are currently about 10 children \/ young people strong. What is special about our groups is that we are quite international. We're always happy when new people come along and want to take part, and language doesn't have to be an obstacle. Gladly also rangers\/rovers who have come to Stuttgart for training\/studies\/work and can't give up being a boy scout. The invitation also applies if you come from another scout association.<\/p>\n\n\n\n<p class=\"has-medium-font-size\">Our scout association is the BdP, Association of Girl Scouts. We belong to the rdp, the ring of German girl scouts and boy scouts, and to the world organizations WOSM and WAGGGS.<\/p>\n\n\n\n<p class=\"has-medium-font-size\">The BdP is free and cosmopolitan. He is not affiliated with or associated with any religion or political organization. Of course, the BdP bases its work on the Basic Law.<\/p>\n\n\n\n<p class=\"has-medium-font-size\">GOOD PATH!<\/p>\n\n\n\n<figure class=\"wp-block-gallery has-nested-images columns-default is-cropped wp-block-gallery-1 is-layout-flex wp-block-gallery-is-layout-flex\">\n<figure class=\"wp-block-image size-large\"><img loading=\"lazy\" decoding=\"async\" width=\"768\" height=\"1024\" data-id=\"86\" src=\"https:\/\/bergwolf.bdp-bawue.de\/wp-content\/uploads\/2022\/04\/cropped-Bild_2022-04-19_165325974.png\" alt=\"\" class=\"wp-image-86\" srcset=\"https:\/\/bergwolf.bdp-bawue.de\/wp-content\/uploads\/2022\/04\/cropped-Bild_2022-04-19_165325974.png 768w, https:\/\/bergwolf.bdp-bawue.de\/wp-content\/uploads\/2022\/04\/cropped-Bild_2022-04-19_165325974-225x300.png 225w\" sizes=\"auto, (max-width: 768px) 100vw, 768px\" \/><\/figure>\n<\/figure>\n\n\n\n<figure class=\"wp-block-gallery has-nested-images columns-default is-cropped wp-block-gallery-2 is-layout-flex wp-block-gallery-is-layout-flex\">\n<figure class=\"wp-block-image size-large\"><img loading=\"lazy\" decoding=\"async\" width=\"1024\" height=\"1024\" data-id=\"122\" src=\"https:\/\/bergwolf.bdp-bawue.de\/wp-content\/uploads\/2022\/04\/Bild_2022-04-19_194810006.png\" alt=\"\" class=\"wp-image-122\" srcset=\"https:\/\/bergwolf.bdp-bawue.de\/wp-content\/uploads\/2022\/04\/Bild_2022-04-19_194810006.png 1024w, https:\/\/bergwolf.bdp-bawue.de\/wp-content\/uploads\/2022\/04\/Bild_2022-04-19_194810006-300x300.png 300w, https:\/\/bergwolf.bdp-bawue.de\/wp-content\/uploads\/2022\/04\/Bild_2022-04-19_194810006-150x150.png 150w, https:\/\/bergwolf.bdp-bawue.de\/wp-content\/uploads\/2022\/04\/Bild_2022-04-19_194810006-768x768.png 768w\" sizes=\"auto, (max-width: 1024px) 100vw, 1024px\" \/><\/figure>\n<\/figure>\n\n\n\n<figure class=\"wp-block-gallery has-nested-images columns-default is-cropped wp-block-gallery-3 is-layout-flex wp-block-gallery-is-layout-flex\">\n<figure class=\"wp-block-image size-large\"><img loading=\"lazy\" decoding=\"async\" width=\"768\" height=\"1024\" data-id=\"145\" src=\"https:\/\/bergwolf.bdp-bawue.de\/wp-content\/uploads\/2022\/04\/Bild_2022-04-20_113005205.png\" alt=\"\" class=\"wp-image-145\" srcset=\"https:\/\/bergwolf.bdp-bawue.de\/wp-content\/uploads\/2022\/04\/Bild_2022-04-20_113005205.png 768w, https:\/\/bergwolf.bdp-bawue.de\/wp-content\/uploads\/2022\/04\/Bild_2022-04-20_113005205-225x300.png 225w\" sizes=\"auto, (max-width: 768px) 100vw, 768px\" \/><\/figure>\n<\/figure>","protected":false},"excerpt":{"rendered":"<p>Hallo, wir sind die BERGW\u00d6LFE Der Stamm Bergwolf wurde 1951 in Sillenbuch gegr\u00fcndet. In unserem Pfadfindergarten am Rand des Silberwaldes treffen wir uns derzeit immer Samstagsnachmittags. Gemeinsam wird getobt, gebastelt, gespielt, gesungen\u2026. Meistens sind wir jedoch im Wald unterwegs, dann oft auch abseits der Wege auf Pfaden, die wir selber finden. Im Wald gibt es [&hellip;]<\/p>","protected":false},"author":4,"featured_media":0,"parent":0,"menu_order":0,"comment_status":"closed","ping_status":"closed","template":"","meta":{"footnotes":""},"class_list":["post-56","page","type-page","status-publish","hentry"],"_links":{"self":[{"href":"https:\/\/bergwolf.bdp-bawue.de\/en\/wp-json\/wp\/v2\/pages\/56","targetHints":{"allow":["GET"]}}],"collection":[{"href":"https:\/\/bergwolf.bdp-bawue.de\/en\/wp-json\/wp\/v2\/pages"}],"about":[{"href":"https:\/\/bergwolf.bdp-bawue.de\/en\/wp-json\/wp\/v2\/types\/page"}],"author":[{"embeddable":true,"href":"https:\/\/bergwolf.bdp-bawue.de\/en\/wp-json\/wp\/v2\/users\/4"}],"replies":[{"embeddable":true,"href":"https:\/\/bergwolf.bdp-bawue.de\/en\/wp-json\/wp\/v2\/comments?post=56"}],"version-history":[{"count":14,"href":"https:\/\/bergwolf.bdp-bawue.de\/en\/wp-json\/wp\/v2\/pages\/56\/revisions"}],"predecessor-version":[{"id":415,"href":"https:\/\/bergwolf.bdp-bawue.de\/en\/wp-json\/wp\/v2\/pages\/56\/revisions\/415"}],"wp:attachment":[{"href":"https:\/\/bergwolf.bdp-bawue.de\/en\/wp-json\/wp\/v2\/media?parent=56"}],"curies":[{"name":"wp","href":"https:\/\/api.w.org\/{rel}","templated":true}]}}